{"id":1350,"date":"2022-03-04T22:19:48","date_gmt":"2022-03-04T22:19:48","guid":{"rendered":"http:\/\/uckaludovicilolo.com\/?page_id=1350"},"modified":"2022-04-16T22:34:54","modified_gmt":"2022-04-16T22:34:54","slug":"livres","status":"publish","type":"page","link":"https:\/\/uckaludovicilolo.com\/?page_id=1350","title":{"rendered":"Livres"},"content":{"rendered":"\n<div class=\"wp-block-cover alignfull is-position-center-center\" style=\"min-height:440px;aspect-ratio:unset;\"><span aria-hidden=\"true\" class=\"has-ast-global-color-2-background-color has-background-dim-60 wp-block-cover__gradient-background has-background-dim\"><\/span><img fetchpriority=\"high\" decoding=\"async\" width=\"320\" height=\"320\" class=\"wp-block-cover__image-background wp-image-1385\" alt=\"\" src=\"http:\/\/uckaludovicilolo.com\/wp-content\/uploads\/2022\/03\/694972_749311.webp\" style=\"object-position:40% 50%\" data-object-fit=\"cover\" data-object-position=\"40% 50%\" srcset=\"https:\/\/uckaludovicilolo.com\/wp-content\/uploads\/2022\/03\/694972_749311.webp 320w, https:\/\/uckaludovicilolo.com\/wp-content\/uploads\/2022\/03\/694972_749311-300x300.webp 300w, https:\/\/uckaludovicilolo.com\/wp-content\/uploads\/2022\/03\/694972_749311-150x150.webp 150w\" sizes=\"(max-width: 320px) 100vw, 320px\" \/><div class=\"wp-block-cover__inner-container is-layout-flow wp-block-cover-is-layout-flow\">\n<h1 class=\"has-text-align-center has-white-color has-text-color wp-block-heading\">Livres<\/h1>\n<\/div><\/div>\n\n\n\n<div class=\"wp-block-group alignfull has-background is-layout-flow wp-block-group-is-layout-flow\" style=\"background-color:#f7f7f7\">\n<div class=\"wp-block-media-text alignwide is-stacked-on-mobile is-vertically-aligned-center\" style=\"grid-template-columns:41% auto\"><figure class=\"wp-block-media-text__media\"><a href=\"http:\/\/uckaludovicilolo.com\/wp-content\/uploads\/2022\/03\/Innover_formation_RVB.png\"><img decoding=\"async\" width=\"683\" height=\"1024\" src=\"http:\/\/uckaludovicilolo.com\/wp-content\/uploads\/2022\/03\/Innover_formation_RVB-683x1024.png\" alt=\"\" class=\"wp-image-1369 size-full\" srcset=\"https:\/\/uckaludovicilolo.com\/wp-content\/uploads\/2022\/03\/Innover_formation_RVB-683x1024.png 683w, https:\/\/uckaludovicilolo.com\/wp-content\/uploads\/2022\/03\/Innover_formation_RVB-200x300.png 200w, https:\/\/uckaludovicilolo.com\/wp-content\/uploads\/2022\/03\/Innover_formation_RVB-768x1152.png 768w, https:\/\/uckaludovicilolo.com\/wp-content\/uploads\/2022\/03\/Innover_formation_RVB-1024x1536.png 1024w, https:\/\/uckaludovicilolo.com\/wp-content\/uploads\/2022\/03\/Innover_formation_RVB-1366x2048.png 1366w, https:\/\/uckaludovicilolo.com\/wp-content\/uploads\/2022\/03\/Innover_formation_RVB.png 1890w\" sizes=\"(max-width: 683px) 100vw, 683px\" \/><\/a><\/figure><div class=\"wp-block-media-text__content\">\n<h4 class=\"wp-block-heading\">Innover en formation avec les multimodalit\u00e9s<\/h4>\n\n\n\n<div class=\"wp-block-columns alignwide is-layout-flex wp-container-core-columns-is-layout-28f84493 wp-block-columns-is-layout-flex\">\n<div class=\"wp-block-column is-layout-flow wp-block-column-is-layout-flow\">\n<p><strong>R\u00e9sum\u00e9<\/strong><\/p>\n\n\n\n<p>La notion de multimodalit\u00e9 en formation est souvent d\u00e9finie comme une articulation entre des temps de formation en pr\u00e9sentiel et \u00e0 distance, int\u00e9grant des outils num\u00e9riques. Elle est alors synonyme de formation hybride.<\/p>\n\n\n\n<p>En sortant de cette vision r\u00e9ductrice, cet ouvrage montre que faire le pari de la multimodalit\u00e9, c\u2019est mettre l\u2019individu et le groupe apprenants au centre de la formation, c\u2019est soutenir la capacit\u00e9 \u00e0 apprendre en comprenant et en vivant des exp\u00e9riences.<\/p>\n\n\n\n<p>Au-del\u00e0 de la forme qu\u2019elle peut prendre, la multimodalit\u00e9 doit se penser comme une occasion d\u2019am\u00e9nager de mani\u00e8re f\u00e9conde nos fa\u00e7ons de faire apprendre.<\/p>\n\n\n\n<p><strong>Formateurs et concepteurs de formation trouveront dans cet ouvrage des exp\u00e9riences innovantes de multimodalit\u00e9s en contexte, des histoires inspirantes qui pourront \u00eatre directement mises en pratique.<\/strong><\/p>\n\n\n\n<p>Ont contribu\u00e9 \u00e0 cet ouvrage coordonn\u00e9 par Marie-Christine Llorca :<br>Caroline B\u00e9lan-M\u00e9nagier, Pierre Baudry, Karine Bressand, Denis Cristol, Hugues Dargagnon, Monique Frambourg, Ucka-Ludovic Ilolo, Marcos Malavia, Elisabeth Perry, Jean Vanderspelden, Anna Vetter et \u00c9tienne Weber.<\/p>\n<\/div>\n<\/div>\n\n\n\n<div class=\"wp-block-columns alignwide is-layout-flex wp-container-core-columns-is-layout-28f84493 wp-block-columns-is-layout-flex\">\n<div class=\"wp-block-column is-layout-flow wp-block-column-is-layout-flow\">\n<div class=\"wp-block-buttons is-layout-flex wp-block-buttons-is-layout-flex\">\n<div class=\"wp-block-button is-style-fill\"><a class=\"wp-block-button__link has-ast-global-color-8-background-color has-background\" href=\"https:\/\/lnkd.in\/gfjPFZC3\" style=\"border-radius:0px\" target=\"_blank\" rel=\"noreferrer noopener\">acheter<\/a><\/div>\n<\/div>\n<\/div>\n<\/div>\n<\/div><\/div>\n<\/div>\n\n\n\n<div class=\"wp-block-group alignfull has-ast-global-color-5-background-color has-background is-layout-flow wp-block-group-is-layout-flow\">\n<p><\/p>\n<\/div>\n\n\n\n<div class=\"inherit-container-width wp-block-group alignfull has-ast-global-color-5-background-color has-background is-layout-constrained wp-block-group-is-layout-constrained\"><\/div>\n\n\n\n<p><\/p>\n","protected":false},"excerpt":{"rendered":"<p>Innover en formation avec les multimodalit\u00e9s R\u00e9sum\u00e9 La notion de multimodalit\u00e9 en formation est souvent d\u00e9finie comme une articulation entre des temps de formation en pr\u00e9sentiel et \u00e0 distance, int\u00e9grant des outils num\u00e9riques. Elle est alors synonyme de formation hybride. En sortant de cette vision r\u00e9ductrice, cet ouvrage montre que faire le pari de la [&hellip;]<\/p>\n","protected":false},"author":1,"featured_media":0,"parent":0,"menu_order":0,"comment_status":"closed","ping_status":"closed","template":"","meta":{"om_disable_all_campaigns":false,"_monsterinsights_skip_tracking":false,"_monsterinsights_sitenote_active":false,"_monsterinsights_sitenote_note":"","_monsterinsights_sitenote_category":0,"site-sidebar-layout":"default","site-content-layout":"","ast-site-content-layout":"default","site-content-style":"default","site-sidebar-style":"default","ast-global-header-display":"","ast-banner-title-visibility":"","ast-main-header-display":"","ast-hfb-above-header-display":"","ast-hfb-below-header-display":"","ast-hfb-mobile-header-display":"","site-post-title":"","ast-breadcrumbs-content":"","ast-featured-img":"","footer-sml-layout":"","theme-transparent-header-meta":"","adv-header-id-meta":"","stick-header-meta":"","header-above-stick-meta":"","header-main-stick-meta":"","header-below-stick-meta":"","astra-migrate-meta-layouts":"default","ast-page-background-enabled":"default","ast-page-background-meta":{"desktop":{"background-color":"var(--ast-global-color-4)","background-image":"","background-repeat":"repeat","background-position":"center center","background-size":"auto","background-attachment":"scroll","background-type":"","background-media":"","overlay-type":"","overlay-color":"","overlay-opacity":"","overlay-gradient":""},"tablet":{"background-color":"","background-image":"","background-repeat":"repeat","background-position":"center center","background-size":"auto","background-attachment":"scroll","background-type":"","background-media":"","overlay-type":"","overlay-color":"","overlay-opacity":"","overlay-gradient":""},"mobile":{"background-color":"","background-image":"","background-repeat":"repeat","background-position":"center center","background-size":"auto","background-attachment":"scroll","background-type":"","background-media":"","overlay-type":"","overlay-color":"","overlay-opacity":"","overlay-gradient":""}},"ast-content-background-meta":{"desktop":{"background-color":"var(--ast-global-color-5)","background-image":"","background-repeat":"repeat","background-position":"center center","background-size":"auto","background-attachment":"scroll","background-type":"","background-media":"","overlay-type":"","overlay-color":"","overlay-opacity":"","overlay-gradient":""},"tablet":{"background-color":"var(--ast-global-color-5)","background-image":"","background-repeat":"repeat","background-position":"center center","background-size":"auto","background-attachment":"scroll","background-type":"","background-media":"","overlay-type":"","overlay-color":"","overlay-opacity":"","overlay-gradient":""},"mobile":{"background-color":"var(--ast-global-color-5)","background-image":"","background-repeat":"repeat","background-position":"center center","background-size":"auto","background-attachment":"scroll","background-type":"","background-media":"","overlay-type":"","overlay-color":"","overlay-opacity":"","overlay-gradient":""}},"footnotes":""},"class_list":["post-1350","page","type-page","status-publish","hentry"],"aioseo_notices":[],"_links":{"self":[{"href":"https:\/\/uckaludovicilolo.com\/index.php?rest_route=\/wp\/v2\/pages\/1350","targetHints":{"allow":["GET"]}}],"collection":[{"href":"https:\/\/uckaludovicilolo.com\/index.php?rest_route=\/wp\/v2\/pages"}],"about":[{"href":"https:\/\/uckaludovicilolo.com\/index.php?rest_route=\/wp\/v2\/types\/page"}],"author":[{"embeddable":true,"href":"https:\/\/uckaludovicilolo.com\/index.php?rest_route=\/wp\/v2\/users\/1"}],"replies":[{"embeddable":true,"href":"https:\/\/uckaludovicilolo.com\/index.php?rest_route=%2Fwp%2Fv2%2Fcomments&post=1350"}],"version-history":[{"count":10,"href":"https:\/\/uckaludovicilolo.com\/index.php?rest_route=\/wp\/v2\/pages\/1350\/revisions"}],"predecessor-version":[{"id":1424,"href":"https:\/\/uckaludovicilolo.com\/index.php?rest_route=\/wp\/v2\/pages\/1350\/revisions\/1424"}],"wp:attachment":[{"href":"https:\/\/uckaludovicilolo.com\/index.php?rest_route=%2Fwp%2Fv2%2Fmedia&parent=1350"}],"curies":[{"name":"wp","href":"https:\/\/api.w.org\/{rel}","templated":true}]}}