{"id":1332,"date":"2022-03-04T00:35:59","date_gmt":"2022-03-04T00:35:59","guid":{"rendered":"http:\/\/uckaludovicilolo.com\/?page_id=1332"},"modified":"2022-08-03T11:53:46","modified_gmt":"2022-08-03T11:53:46","slug":"le-pedagogue","status":"publish","type":"page","link":"https:\/\/uckaludovicilolo.com\/?page_id=1332","title":{"rendered":"Le p\u00e9dagogue"},"content":{"rendered":"\n<div class=\"wp-block-group alignfull has-background is-layout-flow wp-block-group-is-layout-flow\" style=\"background-color:#f9f9f9\">\n<div class=\"wp-block-media-text alignwide has-media-on-the-right is-stacked-on-mobile\" style=\"grid-template-columns:auto 32%\"><figure class=\"wp-block-media-text__media\"><img decoding=\"async\" src=\"http:\/\/uckaludovicilolo.com\/wp-content\/uploads\/2022\/03\/about5-640x1024-1.jpg\" alt=\"\" class=\"wp-image-373 size-full\"\/><\/figure><div class=\"wp-block-media-text__content\">\n<h2 class=\"wp-block-heading\">J&#8217;utilise le mouvement pour aider les \u00eatres humains \u00e0 apprendre.<\/h2>\n\n\n\n<p>Ucka travaille sur la question p\u00e9dagogique depuis bient\u00f4t 30 ans .<br>D&#8217;abord en enseignant la danse, l&#8217;expression corporelle et le spectacle vivant pendant plus de vingt ans aupr\u00e8s d&#8217;apprenants de tout \u00e2ge, allant du professionnel \u00e0 l&#8217;amateur, puis en devenant tr\u00e8s vite formateur de formateurs pour les enseignants de ces disciplines.<br>Il travaille durant deux ann\u00e9es en institut avec des enfants souffrant de troubles de d\u00e9ficit de l\u2019attention et d\u2019hyperactivit\u00e9 o\u00f9 l\u2019indissociabilit\u00e9 entre le corps et le cerveau lui apparait comme une \u00e9vidence. Il ira plus loin en d\u00e9veloppant la p\u00e9dagogie &#8220;Gestelligence&#8221; qu&#8217;il enseignera aupr\u00e8s de publics de consultants, coachs et de facilitateurs travaillant avec des organisations.<br>Il devient alors r\u00e9f\u00e9rent et enseigne la dimension corporelle dans l&#8217;intelligence collective \u00e0 l&#8217;universit\u00e9 de Cergy dans Le dipl\u00f4me Universitaire Intelligence Collective .<br>En parall\u00e8le, il con\u00e7oit et d\u00e9veloppe une grande partie de la p\u00e9dagogie et du programme d&#8217;entreprenariat social &#8220;Ticket For Change&#8221;&nbsp; .<br>Il construira ensuite deux M.O.O.C. (cours en ligne) avec l&#8217;\u00e9cole HEC dont un des plus regard\u00e9s du monde francophone :<br>&#8220;Devenir entrepreneur du changement &#8220;.<br>La p\u00e9dagogie Gestelligente lui permet \u00e9galement d&#8217;accompagner et d&#8217;enseigner la prise de parole en public depuis 8 ans. Il propose depuis plusieurs ann\u00e9es des formations de 2 ou 3 jours en direction des intervenants et formateurs pour les aider \u00e0 cr\u00e9er des exp\u00e9riences d\u2019apprentissage globale qui prennent en compte les diff\u00e9rentes dimensions de l\u2019apprenant plut\u00f4t que seulement son cerveau. En compl\u00e9ment Il co-\u00e9crit actuellement un livre sur les multi-modalit\u00e9s d&#8217;enseignement et comment le mouvement physique aide \u00e0 ancrer les apprentissages et \u00e0 produire du savoir et de la connaissance.<\/p>\n\n\n\n<div class=\"wp-block-columns is-layout-flex wp-container-core-columns-is-layout-28f84493 wp-block-columns-is-layout-flex\">\n<div class=\"wp-block-column is-layout-flow wp-block-column-is-layout-flow\">\n<h4 class=\"wp-block-heading\">Suitable Subtitle<\/h4>\n\n\n\n<p>Lorem ipsum dolor sit amet, consectetur adipiscing elit. Ut elit tellus, luctus nec ullamcorper mattis.<\/p>\n<\/div>\n\n\n\n<div class=\"wp-block-column is-layout-flow wp-block-column-is-layout-flow\">\n<h4 class=\"wp-block-heading\">Suitable Subtitle<\/h4>\n\n\n\n<p>Lorem ipsum dolor sit amet, consectetur adipiscing elit. Ut elit tellus, luctus nec ullamcorper mattis.<\/p>\n<\/div>\n<\/div>\n\n\n\n<div class=\"wp-block-buttons is-layout-flex wp-block-buttons-is-layout-flex\">\n<div class=\"wp-block-button\"><a class=\"wp-block-button__link\" href=\"http:\/\/uckaludovicilolo.com\/?page_id=1350\">Livre<\/a><\/div>\n<\/div>\n<\/div><\/div>\n<\/div>\n","protected":false},"excerpt":{"rendered":"<p>J&#8217;utilise le mouvement pour aider les \u00eatres humains \u00e0 apprendre. Ucka travaille sur la question p\u00e9dagogique depuis bient\u00f4t 30 ans .D&#8217;abord en enseignant la danse, l&#8217;expression corporelle et le spectacle vivant pendant plus de vingt ans aupr\u00e8s d&#8217;apprenants de tout \u00e2ge, allant du professionnel \u00e0 l&#8217;amateur, puis en devenant tr\u00e8s vite formateur de formateurs pour [&hellip;]<\/p>\n","protected":false},"author":1,"featured_media":0,"parent":0,"menu_order":0,"comment_status":"closed","ping_status":"closed","template":"","meta":{"om_disable_all_campaigns":false,"_monsterinsights_skip_tracking":false,"_monsterinsights_sitenote_active":false,"_monsterinsights_sitenote_note":"","_monsterinsights_sitenote_category":0,"site-sidebar-layout":"default","site-content-layout":"","ast-site-content-layout":"default","site-content-style":"default","site-sidebar-style":"default","ast-global-header-display":"","ast-banner-title-visibility":"","ast-main-header-display":"","ast-hfb-above-header-display":"","ast-hfb-below-header-display":"","ast-hfb-mobile-header-display":"","site-post-title":"","ast-breadcrumbs-content":"","ast-featured-img":"","footer-sml-layout":"","ast-disable-related-posts":"","theme-transparent-header-meta":"","adv-header-id-meta":"","stick-header-meta":"","header-above-stick-meta":"","header-main-stick-meta":"","header-below-stick-meta":"","astra-migrate-meta-layouts":"default","ast-page-background-enabled":"default","ast-page-background-meta":{"desktop":{"background-color":"var(--ast-global-color-4)","background-image":"","background-repeat":"repeat","background-position":"center center","background-size":"auto","background-attachment":"scroll","background-type":"","background-media":"","overlay-type":"","overlay-color":"","overlay-opacity":"","overlay-gradient":""},"tablet":{"background-color":"","background-image":"","background-repeat":"repeat","background-position":"center center","background-size":"auto","background-attachment":"scroll","background-type":"","background-media":"","overlay-type":"","overlay-color":"","overlay-opacity":"","overlay-gradient":""},"mobile":{"background-color":"","background-image":"","background-repeat":"repeat","background-position":"center center","background-size":"auto","background-attachment":"scroll","background-type":"","background-media":"","overlay-type":"","overlay-color":"","overlay-opacity":"","overlay-gradient":""}},"ast-content-background-meta":{"desktop":{"background-color":"var(--ast-global-color-5)","background-image":"","background-repeat":"repeat","background-position":"center center","background-size":"auto","background-attachment":"scroll","background-type":"","background-media":"","overlay-type":"","overlay-color":"","overlay-opacity":"","overlay-gradient":""},"tablet":{"background-color":"var(--ast-global-color-5)","background-image":"","background-repeat":"repeat","background-position":"center center","background-size":"auto","background-attachment":"scroll","background-type":"","background-media":"","overlay-type":"","overlay-color":"","overlay-opacity":"","overlay-gradient":""},"mobile":{"background-color":"var(--ast-global-color-5)","background-image":"","background-repeat":"repeat","background-position":"center center","background-size":"auto","background-attachment":"scroll","background-type":"","background-media":"","overlay-type":"","overlay-color":"","overlay-opacity":"","overlay-gradient":""}},"footnotes":""},"class_list":["post-1332","page","type-page","status-publish","hentry"],"aioseo_notices":[],"_links":{"self":[{"href":"https:\/\/uckaludovicilolo.com\/index.php?rest_route=\/wp\/v2\/pages\/1332","targetHints":{"allow":["GET"]}}],"collection":[{"href":"https:\/\/uckaludovicilolo.com\/index.php?rest_route=\/wp\/v2\/pages"}],"about":[{"href":"https:\/\/uckaludovicilolo.com\/index.php?rest_route=\/wp\/v2\/types\/page"}],"author":[{"embeddable":true,"href":"https:\/\/uckaludovicilolo.com\/index.php?rest_route=\/wp\/v2\/users\/1"}],"replies":[{"embeddable":true,"href":"https:\/\/uckaludovicilolo.com\/index.php?rest_route=%2Fwp%2Fv2%2Fcomments&post=1332"}],"version-history":[{"count":4,"href":"https:\/\/uckaludovicilolo.com\/index.php?rest_route=\/wp\/v2\/pages\/1332\/revisions"}],"predecessor-version":[{"id":1574,"href":"https:\/\/uckaludovicilolo.com\/index.php?rest_route=\/wp\/v2\/pages\/1332\/revisions\/1574"}],"wp:attachment":[{"href":"https:\/\/uckaludovicilolo.com\/index.php?rest_route=%2Fwp%2Fv2%2Fmedia&parent=1332"}],"curies":[{"name":"wp","href":"https:\/\/api.w.org\/{rel}","templated":true}]}}