{"id":1317,"date":"2022-03-04T00:33:08","date_gmt":"2022-03-04T00:33:08","guid":{"rendered":"http:\/\/uckaludovicilolo.com\/?page_id=1317"},"modified":"2025-05-15T02:54:01","modified_gmt":"2025-05-15T02:54:01","slug":"lartiste","status":"publish","type":"page","link":"https:\/\/uckaludovicilolo.com\/?page_id=1317","title":{"rendered":"L&#8217; artiste"},"content":{"rendered":"\n<div class=\"wp-block-group alignfull has-background is-layout-flow wp-block-group-is-layout-flow\" style=\"background-color:#ffffff\">\n<div class=\"wp-block-media-text alignwide is-stacked-on-mobile is-vertically-aligned-center\" style=\"grid-template-columns:37% auto\"><figure class=\"wp-block-media-text__media\"><img fetchpriority=\"high\" decoding=\"async\" width=\"682\" height=\"1024\" src=\"http:\/\/uckaludovicilolo.com\/wp-content\/uploads\/2022\/04\/DSCF2600web-682x1024.jpeg\" alt=\"\" class=\"wp-image-1459 size-full\" srcset=\"https:\/\/uckaludovicilolo.com\/wp-content\/uploads\/2022\/04\/DSCF2600web-682x1024.jpeg 682w, https:\/\/uckaludovicilolo.com\/wp-content\/uploads\/2022\/04\/DSCF2600web-200x300.jpeg 200w, https:\/\/uckaludovicilolo.com\/wp-content\/uploads\/2022\/04\/DSCF2600web-768x1152.jpeg 768w, https:\/\/uckaludovicilolo.com\/wp-content\/uploads\/2022\/04\/DSCF2600web.jpeg 853w\" sizes=\"(max-width: 682px) 100vw, 682px\" \/><\/figure><div class=\"wp-block-media-text__content\">\n<h2 class=\"wp-block-heading\">J&#8217;utilise le mouvement pour cr\u00e9er et faire exister des \u0153uvres artistiques<\/h2>\n\n\n\n<p>Depuis bient\u00f4t 30 ans j&#8217;explore et fais des propositions \u00e0 travers plusieurs disciplines et plusieurs m\u00e9diums.  Je suis un artiste du mouvement. Pour moi tout est mouvement et chacune de mes cr\u00e9ations est une incarnation dans la mati\u00e8re de cette intuition. Mon travail cherche a provoquer des moments de connexion forts qui permettent au public de se sentir humain et pr\u00e9sent \u00e0 ce qui se produit, en prise direct avec ce que cela signifie que d&#8217;\u00eatre &#8220;vivant &#8221; .<\/p>\n\n\n\n<div class=\"wp-block-buttons is-layout-flex wp-block-buttons-is-layout-flex\">\n<div class=\"wp-block-button\"><a class=\"wp-block-button__link wp-element-button\">programmation &amp; collaboration<\/a><\/div>\n<\/div>\n\n\n\n<div class=\"wp-block-columns alignwide is-layout-flex wp-container-core-columns-is-layout-28f84493 wp-block-columns-is-layout-flex\">\n<div class=\"wp-block-column is-layout-flow wp-block-column-is-layout-flow\">\n<h6 class=\"wp-block-heading\"><strong>DESIGN<\/strong><\/h6>\n\n\n\n<p><a href=\"http:\/\/uckaludovicilolo.com\/?page_id=1619\" target=\"_blank\" rel=\"noreferrer noopener\" title=\"ELKANO\">ELKANO<\/a><\/p>\n\n\n\n<p>LES PORTES ROUGES<\/p>\n\n\n\n<p>DESSIN<\/p>\n<\/div>\n\n\n\n<div class=\"wp-block-column is-layout-flow wp-block-column-is-layout-flow\">\n<h6 class=\"wp-block-heading\"><strong>CHOREGRAPHIE<\/strong><\/h6>\n\n\n\n<p>LES GENS DE &#8230;<\/p>\n\n\n\n<p>PRISONNIER 1848<\/p>\n\n\n\n<p>O&#8217; TWELVE GAME<\/p>\n\n\n\n<p>JULIA MIGENES<\/p>\n\n\n\n<p>REG&#8217;ART METIS<\/p>\n\n\n\n<p>LE POID DU CIEL<\/p>\n<\/div>\n\n\n\n<div class=\"wp-block-column is-layout-flow wp-block-column-is-layout-flow\">\n<h6 class=\"wp-block-heading\"><strong><strong>PERFORM<\/strong><\/strong>ANCE<\/h6>\n\n\n\n<p>DANSEUR<\/p>\n\n\n\n<p>COM\u00c9DIEN<\/p>\n\n\n\n<p>MUSIQUE<\/p>\n<\/div>\n<\/div>\n<\/div><\/div>\n<\/div>\n\n\n\n<p><\/p>\n\n\n\n<div class=\"inherit-container-width wp-block-group alignfull has-ast-global-color-5-background-color has-background is-layout-constrained wp-block-group-is-layout-constrained\"><\/div>\n","protected":false},"excerpt":{"rendered":"<p>J&#8217;utilise le mouvement pour cr\u00e9er et faire exister des \u0153uvres artistiques Depuis bient\u00f4t 30 ans j&#8217;explore et fais des propositions \u00e0 travers plusieurs disciplines et plusieurs m\u00e9diums. Je suis un artiste du mouvement. Pour moi tout est mouvement et chacune de mes cr\u00e9ations est une incarnation dans la mati\u00e8re de cette intuition. Mon travail cherche [&hellip;]<\/p>\n","protected":false},"author":1,"featured_media":0,"parent":0,"menu_order":0,"comment_status":"closed","ping_status":"closed","template":"","meta":{"om_disable_all_campaigns":false,"_monsterinsights_skip_tracking":false,"_monsterinsights_sitenote_active":false,"_monsterinsights_sitenote_note":"","_monsterinsights_sitenote_category":0,"site-sidebar-layout":"default","site-content-layout":"","ast-site-content-layout":"default","site-content-style":"default","site-sidebar-style":"default","ast-global-header-display":"","ast-banner-title-visibility":"","ast-main-header-display":"","ast-hfb-above-header-display":"","ast-hfb-below-header-display":"","ast-hfb-mobile-header-display":"","site-post-title":"","ast-breadcrumbs-content":"","ast-featured-img":"","footer-sml-layout":"","theme-transparent-header-meta":"","adv-header-id-meta":"","stick-header-meta":"","header-above-stick-meta":"","header-main-stick-meta":"","header-below-stick-meta":"","astra-migrate-meta-layouts":"default","ast-page-background-enabled":"default","ast-page-background-meta":{"desktop":{"background-color":"var(--ast-global-color-4)","background-image":"","background-repeat":"repeat","background-position":"center center","background-size":"auto","background-attachment":"scroll","background-type":"","background-media":"","overlay-type":"","overlay-color":"","overlay-opacity":"","overlay-gradient":""},"tablet":{"background-color":"","background-image":"","background-repeat":"repeat","background-position":"center center","background-size":"auto","background-attachment":"scroll","background-type":"","background-media":"","overlay-type":"","overlay-color":"","overlay-opacity":"","overlay-gradient":""},"mobile":{"background-color":"","background-image":"","background-repeat":"repeat","background-position":"center center","background-size":"auto","background-attachment":"scroll","background-type":"","background-media":"","overlay-type":"","overlay-color":"","overlay-opacity":"","overlay-gradient":""}},"ast-content-background-meta":{"desktop":{"background-color":"var(--ast-global-color-5)","background-image":"","background-repeat":"repeat","background-position":"center center","background-size":"auto","background-attachment":"scroll","background-type":"","background-media":"","overlay-type":"","overlay-color":"","overlay-opacity":"","overlay-gradient":""},"tablet":{"background-color":"var(--ast-global-color-5)","background-image":"","background-repeat":"repeat","background-position":"center center","background-size":"auto","background-attachment":"scroll","background-type":"","background-media":"","overlay-type":"","overlay-color":"","overlay-opacity":"","overlay-gradient":""},"mobile":{"background-color":"var(--ast-global-color-5)","background-image":"","background-repeat":"repeat","background-position":"center center","background-size":"auto","background-attachment":"scroll","background-type":"","background-media":"","overlay-type":"","overlay-color":"","overlay-opacity":"","overlay-gradient":""}},"footnotes":""},"class_list":["post-1317","page","type-page","status-publish","hentry"],"aioseo_notices":[],"_links":{"self":[{"href":"https:\/\/uckaludovicilolo.com\/index.php?rest_route=\/wp\/v2\/pages\/1317","targetHints":{"allow":["GET"]}}],"collection":[{"href":"https:\/\/uckaludovicilolo.com\/index.php?rest_route=\/wp\/v2\/pages"}],"about":[{"href":"https:\/\/uckaludovicilolo.com\/index.php?rest_route=\/wp\/v2\/types\/page"}],"author":[{"embeddable":true,"href":"https:\/\/uckaludovicilolo.com\/index.php?rest_route=\/wp\/v2\/users\/1"}],"replies":[{"embeddable":true,"href":"https:\/\/uckaludovicilolo.com\/index.php?rest_route=%2Fwp%2Fv2%2Fcomments&post=1317"}],"version-history":[{"count":26,"href":"https:\/\/uckaludovicilolo.com\/index.php?rest_route=\/wp\/v2\/pages\/1317\/revisions"}],"predecessor-version":[{"id":1784,"href":"https:\/\/uckaludovicilolo.com\/index.php?rest_route=\/wp\/v2\/pages\/1317\/revisions\/1784"}],"wp:attachment":[{"href":"https:\/\/uckaludovicilolo.com\/index.php?rest_route=%2Fwp%2Fv2%2Fmedia&parent=1317"}],"curies":[{"name":"wp","href":"https:\/\/api.w.org\/{rel}","templated":true}]}}