{"id":1276,"date":"2022-02-03T05:12:18","date_gmt":"2022-02-03T05:12:18","guid":{"rendered":"http:\/\/uckaludovicilolo.com\/?page_id=1276"},"modified":"2022-12-23T14:07:08","modified_gmt":"2022-12-23T14:07:08","slug":"la-gestelligence","status":"publish","type":"page","link":"https:\/\/uckaludovicilolo.com\/?page_id=1276","title":{"rendered":"La Gestelligence"},"content":{"rendered":"\n<div class=\"wp-block-group alignfull has-white-background-color has-background is-layout-flow wp-block-group-is-layout-flow\">\n<h2 class=\"has-text-align-center wp-block-heading\">Le cerveau, le corps et le mouvement<\/h2>\n\n\n\n<h5 class=\"has-text-align-center wp-block-heading\"><strong>sont un tout INDISSOCIABLE fait pour fonctionner ensemble et en m\u00eame temps .<\/strong><\/h5>\n\n\n\n<p><strong>La Gestelligence est l&#8217;\u00e9tude de la mani\u00e8re dont l&#8217;\u00eatre humain s&#8217;inscrit dans le monde et le vivant \u00e0 travers le mouvement .<\/strong><\/p>\n\n\n\n<p>D\u00e9velopp\u00e9 par Ucka Ludovic ILOLO, ce champ de recherche et de r\u00e9flexion permet de comprendre comment et pourquoi cerveau, corps et mouvement sont un tout indissociable fait pour fonctionner comme un ensemble .<br><strong>GESTELLIGENCE <\/strong>est la contraction et la fusion de deux mots : GESTE et INTELLIGENCE.<br>L\u2019id\u00e9e port\u00e9e par ce n\u00e9ologisme est que <strong>Notre capacit\u00e9 \u00e0 produire des gestes et \u00e0 lire le mouvement autour et \u00e0 l&#8217;int\u00e9rieur de nous, est ce qui permet l\u2019intelligence humaine.\u00a0<\/strong><\/p>\n\n\n\n<p>En Gestelligence,&nbsp;l\u2019\u00eatre humain se construit et interagit avec le monde en posant des gestes et en observant la mani\u00e8re dont les choses bougent autour de lui. Nous pensons donc que tout ce qui est en lien avec l\u2019\u00eatre humain et son activit\u00e9 peut \u00eatre aborder par l&#8217;angle du mouvement.&nbsp;<br><\/p>\n<\/div>\n\n\n\n<h2 class=\"has-text-align-center wp-block-heading\">4 Principes fondamentaux de la Gestelligence<\/h2>\n\n\n\n<p><strong>1 &#8211; Le mouvement est au c\u0153ur de toute chose.\u00a0<\/strong><br><strong>2 &#8211; L\u2019humain appr\u00e9hende le monde par le mouvement et interagit par le geste<\/strong>.<br><strong>3 &#8211; Cerveau, corps et mouvements fonctionnent toujours en symbiose et forment un tout indissociable<\/strong>.<br><strong>4 &#8211; Les humains sont des syst\u00e8mes dynamiques transformateur d\u2019\u00e9nergie\u00a0qui produisent du mouvement par entropie<\/strong><\/p>\n","protected":false},"excerpt":{"rendered":"<p>Le cerveau, le corps et le mouvement sont un tout INDISSOCIABLE fait pour fonctionner ensemble et en m\u00eame temps . La Gestelligence est l&#8217;\u00e9tude de la mani\u00e8re dont l&#8217;\u00eatre humain s&#8217;inscrit dans le monde et le vivant \u00e0 travers le mouvement . D\u00e9velopp\u00e9 par Ucka Ludovic ILOLO, ce champ de recherche et de r\u00e9flexion permet [&hellip;]<\/p>\n","protected":false},"author":1,"featured_media":0,"parent":0,"menu_order":0,"comment_status":"closed","ping_status":"closed","template":"","meta":{"om_disable_all_campaigns":false,"_monsterinsights_skip_tracking":false,"_monsterinsights_sitenote_active":false,"_monsterinsights_sitenote_note":"","_monsterinsights_sitenote_category":0,"site-sidebar-layout":"default","site-content-layout":"","ast-site-content-layout":"default","site-content-style":"default","site-sidebar-style":"default","ast-global-header-display":"","ast-banner-title-visibility":"","ast-main-header-display":"","ast-hfb-above-header-display":"","ast-hfb-below-header-display":"","ast-hfb-mobile-header-display":"","site-post-title":"","ast-breadcrumbs-content":"","ast-featured-img":"","footer-sml-layout":"","ast-disable-related-posts":"","theme-transparent-header-meta":"","adv-header-id-meta":"","stick-header-meta":"","header-above-stick-meta":"","header-main-stick-meta":"","header-below-stick-meta":"","astra-migrate-meta-layouts":"default","ast-page-background-enabled":"default","ast-page-background-meta":{"desktop":{"background-color":"var(--ast-global-color-4)","background-image":"","background-repeat":"repeat","background-position":"center center","background-size":"auto","background-attachment":"scroll","background-type":"","background-media":"","overlay-type":"","overlay-color":"","overlay-opacity":"","overlay-gradient":""},"tablet":{"background-color":"","background-image":"","background-repeat":"repeat","background-position":"center center","background-size":"auto","background-attachment":"scroll","background-type":"","background-media":"","overlay-type":"","overlay-color":"","overlay-opacity":"","overlay-gradient":""},"mobile":{"background-color":"","background-image":"","background-repeat":"repeat","background-position":"center center","background-size":"auto","background-attachment":"scroll","background-type":"","background-media":"","overlay-type":"","overlay-color":"","overlay-opacity":"","overlay-gradient":""}},"ast-content-background-meta":{"desktop":{"background-color":"var(--ast-global-color-5)","background-image":"","background-repeat":"repeat","background-position":"center center","background-size":"auto","background-attachment":"scroll","background-type":"","background-media":"","overlay-type":"","overlay-color":"","overlay-opacity":"","overlay-gradient":""},"tablet":{"background-color":"var(--ast-global-color-5)","background-image":"","background-repeat":"repeat","background-position":"center center","background-size":"auto","background-attachment":"scroll","background-type":"","background-media":"","overlay-type":"","overlay-color":"","overlay-opacity":"","overlay-gradient":""},"mobile":{"background-color":"var(--ast-global-color-5)","background-image":"","background-repeat":"repeat","background-position":"center center","background-size":"auto","background-attachment":"scroll","background-type":"","background-media":"","overlay-type":"","overlay-color":"","overlay-opacity":"","overlay-gradient":""}},"footnotes":""},"class_list":["post-1276","page","type-page","status-publish","hentry"],"aioseo_notices":[],"_links":{"self":[{"href":"https:\/\/uckaludovicilolo.com\/index.php?rest_route=\/wp\/v2\/pages\/1276","targetHints":{"allow":["GET"]}}],"collection":[{"href":"https:\/\/uckaludovicilolo.com\/index.php?rest_route=\/wp\/v2\/pages"}],"about":[{"href":"https:\/\/uckaludovicilolo.com\/index.php?rest_route=\/wp\/v2\/types\/page"}],"author":[{"embeddable":true,"href":"https:\/\/uckaludovicilolo.com\/index.php?rest_route=\/wp\/v2\/users\/1"}],"replies":[{"embeddable":true,"href":"https:\/\/uckaludovicilolo.com\/index.php?rest_route=%2Fwp%2Fv2%2Fcomments&post=1276"}],"version-history":[{"count":6,"href":"https:\/\/uckaludovicilolo.com\/index.php?rest_route=\/wp\/v2\/pages\/1276\/revisions"}],"predecessor-version":[{"id":1640,"href":"https:\/\/uckaludovicilolo.com\/index.php?rest_route=\/wp\/v2\/pages\/1276\/revisions\/1640"}],"wp:attachment":[{"href":"https:\/\/uckaludovicilolo.com\/index.php?rest_route=%2Fwp%2Fv2%2Fmedia&parent=1276"}],"curies":[{"name":"wp","href":"https:\/\/api.w.org\/{rel}","templated":true}]}}