{"id":1265,"date":"2022-02-03T05:01:52","date_gmt":"2022-02-03T05:01:52","guid":{"rendered":"http:\/\/uckaludovicilolo.com\/?page_id=1265"},"modified":"2024-09-29T23:39:22","modified_gmt":"2024-09-29T23:39:22","slug":"meet-ucka","status":"publish","type":"page","link":"https:\/\/uckaludovicilolo.com\/?page_id=1265","title":{"rendered":"Meet Ucka"},"content":{"rendered":"\n<div class=\"wp-block-group alignfull has-white-background-color has-background is-layout-flow wp-block-group-is-layout-flow\">\n<div class=\"wp-block-media-text alignwide has-media-on-the-right is-stacked-on-mobile\"><div class=\"wp-block-media-text__content\">\n<h1 class=\"wp-block-heading\" id=\"this-is-the-main-heading-you-can-edit\">Bio <\/h1>\n\n\n\n<p>Ucka-Ludovic ILOLO est Designer de mouvements .Il explore depuis de longues ann\u00e9es la question du geste et du mouvement comme \u00e9l\u00e9ment fondamental de l&#8217;\u00eatre humain et de ses activit\u00e9s. Entrepreneur, accompagnateur du d\u00e9veloppement et de la transformation des&nbsp;organisations et des personnes entreprenantes depuis 15 ans, Artiste Chor\u00e9graphe\/Designer et p\u00e9dagogue depuis 30 ans, il \u00e9tudie, pratique et th\u00e9orise la mani\u00e8re dont corps,&nbsp;cerveau et mouvement sont un tout indissociable, fait pour fonctionner comme un ensemble. &nbsp;Il est \u00e0 l&#8217;origine de la recherche-m\u00e9thodologie &#8220;Gestelligence&#8221;&nbsp;et est le fondateur de <em>O&#8217; in Motion<\/em> qui&nbsp;cr\u00e9e&nbsp; des moments et des espaces permettant aux personnes d&#8217;inclure le corps&nbsp;en mouvement dans des processus de r\u00e9flexion plus classiques. Ucka cr\u00e9e des \u0153uvres, facilite et renforce le pouvoir d&#8217;agir des groupes \u00e0 travers l\u2019Intelligence collective, fluidifie les processus cr\u00e9atifs et favorise l\u2019apprentissage et l\u2019engagement des humains dans&nbsp; l\u2019action.<\/p>\n\n\n\n<div class=\"wp-block-buttons is-layout-flex wp-block-buttons-is-layout-flex\">\n<div class=\"wp-block-button\"><a class=\"wp-block-button__link wp-element-button\">O&#8217;In Motion<\/a><\/div>\n<\/div>\n<\/div><figure class=\"wp-block-media-text__media\"><img fetchpriority=\"high\" decoding=\"async\" width=\"724\" height=\"1024\" src=\"http:\/\/uckaludovicilolo.com\/wp-content\/uploads\/2024\/07\/IMG_8545-2-724x1024.jpg\" alt=\"\" class=\"wp-image-1749 size-full\" srcset=\"https:\/\/uckaludovicilolo.com\/wp-content\/uploads\/2024\/07\/IMG_8545-2-724x1024.jpg 724w, https:\/\/uckaludovicilolo.com\/wp-content\/uploads\/2024\/07\/IMG_8545-2-212x300.jpg 212w, https:\/\/uckaludovicilolo.com\/wp-content\/uploads\/2024\/07\/IMG_8545-2-768x1086.jpg 768w, https:\/\/uckaludovicilolo.com\/wp-content\/uploads\/2024\/07\/IMG_8545-2.jpg 908w\" sizes=\"(max-width: 724px) 100vw, 724px\" \/><\/figure><\/div>\n<\/div>\n\n\n\n<div class=\"inherit-container-width wp-block-group alignfull has-background is-layout-constrained wp-block-group-is-layout-constrained\" style=\"background-color:#ffffff\">\n<div class=\"wp-block-media-text alignwide is-stacked-on-mobile is-vertically-aligned-center\" style=\"grid-template-columns:34% auto\"><figure class=\"wp-block-media-text__media\"><img decoding=\"async\" width=\"1024\" height=\"768\" src=\"http:\/\/uckaludovicilolo.com\/wp-content\/uploads\/2024\/07\/IMG_2033-1024x768.jpg\" alt=\"\" class=\"wp-image-1751 size-full\" srcset=\"https:\/\/uckaludovicilolo.com\/wp-content\/uploads\/2024\/07\/IMG_2033-1024x768.jpg 1024w, https:\/\/uckaludovicilolo.com\/wp-content\/uploads\/2024\/07\/IMG_2033-300x225.jpg 300w, https:\/\/uckaludovicilolo.com\/wp-content\/uploads\/2024\/07\/IMG_2033-768x576.jpg 768w, https:\/\/uckaludovicilolo.com\/wp-content\/uploads\/2024\/07\/IMG_2033-1536x1152.jpg 1536w, https:\/\/uckaludovicilolo.com\/wp-content\/uploads\/2024\/07\/IMG_2033.jpg 2048w\" sizes=\"(max-width: 1024px) 100vw, 1024px\" \/><\/figure><div class=\"wp-block-media-text__content\">\n<h5 class=\"wp-block-heading has-ast-global-color-2-color has-text-color\">Mon histoire<\/h5>\n\n\n\n<h2 class=\"wp-block-heading has-ast-global-color-2-color has-text-color\">L&#8217; art du geste pour Habiter le monde <\/h2>\n\n\n\n<p>&#8221; J&#8217;ai grandi dans une famille culturellement riche et J&#8217;ai eu la chance de me fabriquer dans un environnement dans lequel j&#8217;ai pu pratiquer diff\u00e9rentes formes d&#8217;art. J&#8217;ai fait des \u00e9tudes d&#8217;art graphique, j&#8217;ai travaill\u00e9 dur et avec passion en r\u00eavant de devenir basketteur pro (ce qui ne s&#8217;est jamais produit), j&#8217;ai d\u00e9di\u00e9 des heures et des heures de ma vie \u00e0 la pratique de la musique, du chant, de l&#8217;\u00e9criture et finalement, j&#8217;ai embrass\u00e9 une carri\u00e8re de vingt ans sur sc\u00e8ne en tant que performer, Danseur\/ chor\u00e9graphe et com\u00e9dien.<\/p>\n\n\n\n<p>Je faisais tout cela depuis bient\u00f4t deux d\u00e9cennies quand j&#8217;ai eu une illumination.<br>Pratiquer plusieurs disciplines artistiques et activit\u00e9s avec passion provoquait alors deux types de r\u00e9actions; l&#8217;admiration des gens qui me pensaient extra ordinaire pour faire autant de choses, ou les critiques de ceux qui, au contraire, me pensaient dispers\u00e9 \u00e0 faire trop de choses. je n&#8217;\u00e9tais en accord avec aucune des deux. Je ne me reconnaissais dans aucune de ces descriptions car il me paraissait clair, \u00e0 moi, que les diff\u00e9rentes activit\u00e9s ne l&#8217;\u00e9taient pas tant que cela. Tout \u00e9tait la m\u00eame chose mais avec des langages diff\u00e9rents. J&#8217;ai alors r\u00e9alis\u00e9, qu&#8217;il y avait une chose qui revenait dans toutes mes pratiques . Au milieu de tout ce que je faisais, il y avait une constante: Le mouvement. &#8220;Comment cette chose Bouge ?&nbsp; Comment bouger pour interagir avec celle-ci et produire le r\u00e9sultat que je souhaite ? Quels gestes dois-je faire ou entrainer&nbsp; pour m&#8217;am\u00e9liorer dans ce domaine. J&#8217;ai r\u00e9alis\u00e9 que pour maitriser ou apprendre quoi que ce soit, je devais me concentrer sur le mouvement et les gestes que je faisais. Puis j&#8217;ai d\u00e9couvert que cette intuition \u00e9tait non seulement correcte mais qu&#8217;en plus elle s&#8217;appliquait \u00e0 absolument tout ce que je faisais. De l&#8217;artistique au sport en passant par toutes&nbsp; les activit\u00e9s que je pratiquais en tant qu&#8217;\u00eatre humain. Apr\u00e8s de riches discussions avec un ami visionnaire \u00e0 l&#8217;\u00e9poque, je me suis \u00e9galement rendu compte que ce n&#8217;\u00e9tait pas seulement pr\u00e9cieux et aidant pour moi, mais \u00e9galement que d&#8217;autres personnes pouvaient le trouver fort et aidant dans leur propre vie.<br><\/p>\n\n\n\n<p>J&#8217;ai donc fait mes recherches de mani\u00e8re empirique comme un forme d&#8217;\u00e9thologue qui observe les humains en situation de vie et d&#8217;interaction, pendant des ann\u00e9es en me nourrissant des apports de diff\u00e9rents domaines scientifiques et en prolongeant dans le Design et dans l&#8217;art. J&#8217;\u00e9tudiais comment ils habitaient le monde. J&#8217;\u00e9tudiais avec passion et curiosit\u00e9 comment ils apprenaient, communiquaient, pensaient, racontaient, agissaient et interagissaient entre eux et avec leur environnement. J&#8217;ai rapidement mis en forme une m\u00e9thodologie bas\u00e9e sur une intuition forte que j&#8217;ai appel\u00e9 &#8220;intelligence gestuelle&#8221;. Puis ann\u00e9e apr\u00e8s ann\u00e9e, en avan\u00e7ant les recherches et en clarifiant le concept, j&#8217;ai fini par le\u00a0renommer &#8220;Gestelligence&#8221; ( comment &#8220;cerveau, corps et mouvement sont un tout indissociable fait pour fonctionner ensemble, et comment s&#8217;en servir ) J&#8217;ai cr\u00e9e O&#8217;in Motion qui accompagne le d\u00e9veloppement et la transformation\u00a0des entrepreneurs, des personnes entreprenantes, des organisations et les aident \u00e0 atteindre leur objectifs.<br>Aujourd&#8217;hui plus que jamais, je porte la conviction que nous concevoir comme un organisme vivant fabriqu\u00e9 et fabriquant de gestes et de mouvements, d\u00e9multiplie nos chances de survivre et de r\u00e9ussir ce que l&#8217;on entreprend. Que ce soit pour cr\u00e9er des \u0153uvres dans le domaine artistique , accompagner des entreprises et des entreprenants ou aider des personnes \u00e0 apprendre, j&#8217;ai le privil\u00e8ge de passer mes journ\u00e9es \u00e0 aider des \u00eatre humains \u00e0 devenir des <em>Gesteurs<\/em> : Des personnes qui mettent un haut niveau d&#8217;attention et de conscience sur leurs gestes et sur les mouvements autour d&#8217;eux.\u00a0&#8220;<\/p>\n\n\n\n<figure class=\"wp-block-image size-large\"><img decoding=\"async\" src=\"http:\/\/uckaludovicilolo.com\/wp-content\/uploads\/2022\/04\/signature.png\" alt=\"\" class=\"wp-image-34747\"\/><\/figure>\n\n\n\n<ul class=\"wp-block-social-links is-layout-flex wp-block-social-links-is-layout-flex\"><li class=\"wp-social-link wp-social-link-facebook  wp-block-social-link\"><a href=\"#\" class=\"wp-block-social-link-anchor\"><svg width=\"24\" height=\"24\" viewBox=\"0 0 24 24\" version=\"1.1\" xmlns=\"http:\/\/www.w3.org\/2000\/svg\" aria-hidden=\"true\" focusable=\"false\"><path d=\"M12 2C6.5 2 2 6.5 2 12c0 5 3.7 9.1 8.4 9.9v-7H7.9V12h2.5V9.8c0-2.5 1.5-3.9 3.8-3.9 1.1 0 2.2.2 2.2.2v2.5h-1.3c-1.2 0-1.6.8-1.6 1.6V12h2.8l-.4 2.9h-2.3v7C18.3 21.1 22 17 22 12c0-5.5-4.5-10-10-10z\"><\/path><\/svg><span class=\"wp-block-social-link-label screen-reader-text\">Facebook<\/span><\/a><\/li>\n\n<li class=\"wp-social-link wp-social-link-twitter  wp-block-social-link\"><a href=\"#\" class=\"wp-block-social-link-anchor\"><svg width=\"24\" height=\"24\" viewBox=\"0 0 24 24\" version=\"1.1\" xmlns=\"http:\/\/www.w3.org\/2000\/svg\" aria-hidden=\"true\" focusable=\"false\"><path d=\"M22.23,5.924c-0.736,0.326-1.527,0.547-2.357,0.646c0.847-0.508,1.498-1.312,1.804-2.27 c-0.793,0.47-1.671,0.812-2.606,0.996C18.324,4.498,17.257,4,16.077,4c-2.266,0-4.103,1.837-4.103,4.103 c0,0.322,0.036,0.635,0.106,0.935C8.67,8.867,5.647,7.234,3.623,4.751C3.27,5.357,3.067,6.062,3.067,6.814 c0,1.424,0.724,2.679,1.825,3.415c-0.673-0.021-1.305-0.206-1.859-0.513c0,0.017,0,0.034,0,0.052c0,1.988,1.414,3.647,3.292,4.023 c-0.344,0.094-0.707,0.144-1.081,0.144c-0.264,0-0.521-0.026-0.772-0.074c0.522,1.63,2.038,2.816,3.833,2.85 c-1.404,1.1-3.174,1.756-5.096,1.756c-0.331,0-0.658-0.019-0.979-0.057c1.816,1.164,3.973,1.843,6.29,1.843 c7.547,0,11.675-6.252,11.675-11.675c0-0.178-0.004-0.355-0.012-0.531C20.985,7.47,21.68,6.747,22.23,5.924z\"><\/path><\/svg><span class=\"wp-block-social-link-label screen-reader-text\">Twitter<\/span><\/a><\/li>\n\n<li class=\"wp-social-link wp-social-link-youtube  wp-block-social-link\"><a href=\"#\" class=\"wp-block-social-link-anchor\"><svg width=\"24\" height=\"24\" viewBox=\"0 0 24 24\" version=\"1.1\" xmlns=\"http:\/\/www.w3.org\/2000\/svg\" aria-hidden=\"true\" focusable=\"false\"><path d=\"M21.8,8.001c0,0-0.195-1.378-0.795-1.985c-0.76-0.797-1.613-0.801-2.004-0.847c-2.799-0.202-6.997-0.202-6.997-0.202 h-0.009c0,0-4.198,0-6.997,0.202C4.608,5.216,3.756,5.22,2.995,6.016C2.395,6.623,2.2,8.001,2.2,8.001S2,9.62,2,11.238v1.517 c0,1.618,0.2,3.237,0.2,3.237s0.195,1.378,0.795,1.985c0.761,0.797,1.76,0.771,2.205,0.855c1.6,0.153,6.8,0.201,6.8,0.201 s4.203-0.006,7.001-0.209c0.391-0.047,1.243-0.051,2.004-0.847c0.6-0.607,0.795-1.985,0.795-1.985s0.2-1.618,0.2-3.237v-1.517 C22,9.62,21.8,8.001,21.8,8.001z M9.935,14.594l-0.001-5.62l5.404,2.82L9.935,14.594z\"><\/path><\/svg><span class=\"wp-block-social-link-label screen-reader-text\">YouTube<\/span><\/a><\/li><\/ul>\n<\/div><\/div>\n<\/div>\n","protected":false},"excerpt":{"rendered":"<p>Bio Ucka-Ludovic ILOLO est Designer de mouvements .Il explore depuis de longues ann\u00e9es la question du geste et du mouvement comme \u00e9l\u00e9ment fondamental de l&#8217;\u00eatre humain et de ses activit\u00e9s. Entrepreneur, accompagnateur du d\u00e9veloppement et de la transformation des&nbsp;organisations et des personnes entreprenantes depuis 15 ans, Artiste Chor\u00e9graphe\/Designer et p\u00e9dagogue depuis 30 ans, il \u00e9tudie, [&hellip;]<\/p>\n","protected":false},"author":1,"featured_media":0,"parent":0,"menu_order":0,"comment_status":"closed","ping_status":"closed","template":"","meta":{"om_disable_all_campaigns":false,"_monsterinsights_skip_tracking":false,"_monsterinsights_sitenote_active":false,"_monsterinsights_sitenote_note":"","_monsterinsights_sitenote_category":0,"site-sidebar-layout":"default","site-content-layout":"","ast-site-content-layout":"default","site-content-style":"default","site-sidebar-style":"default","ast-global-header-display":"","ast-banner-title-visibility":"","ast-main-header-display":"","ast-hfb-above-header-display":"","ast-hfb-below-header-display":"","ast-hfb-mobile-header-display":"","site-post-title":"","ast-breadcrumbs-content":"","ast-featured-img":"","footer-sml-layout":"","ast-disable-related-posts":"","theme-transparent-header-meta":"","adv-header-id-meta":"","stick-header-meta":"","header-above-stick-meta":"","header-main-stick-meta":"","header-below-stick-meta":"","astra-migrate-meta-layouts":"default","ast-page-background-enabled":"default","ast-page-background-meta":{"desktop":{"background-color":"var(--ast-global-color-4)","background-image":"","background-repeat":"repeat","background-position":"center center","background-size":"auto","background-attachment":"scroll","background-type":"","background-media":"","overlay-type":"","overlay-color":"","overlay-opacity":"","overlay-gradient":""},"tablet":{"background-color":"","background-image":"","background-repeat":"repeat","background-position":"center center","background-size":"auto","background-attachment":"scroll","background-type":"","background-media":"","overlay-type":"","overlay-color":"","overlay-opacity":"","overlay-gradient":""},"mobile":{"background-color":"","background-image":"","background-repeat":"repeat","background-position":"center center","background-size":"auto","background-attachment":"scroll","background-type":"","background-media":"","overlay-type":"","overlay-color":"","overlay-opacity":"","overlay-gradient":""}},"ast-content-background-meta":{"desktop":{"background-color":"var(--ast-global-color-5)","background-image":"","background-repeat":"repeat","background-position":"center center","background-size":"auto","background-attachment":"scroll","background-type":"","background-media":"","overlay-type":"","overlay-color":"","overlay-opacity":"","overlay-gradient":""},"tablet":{"background-color":"var(--ast-global-color-5)","background-image":"","background-repeat":"repeat","background-position":"center center","background-size":"auto","background-attachment":"scroll","background-type":"","background-media":"","overlay-type":"","overlay-color":"","overlay-opacity":"","overlay-gradient":""},"mobile":{"background-color":"var(--ast-global-color-5)","background-image":"","background-repeat":"repeat","background-position":"center center","background-size":"auto","background-attachment":"scroll","background-type":"","background-media":"","overlay-type":"","overlay-color":"","overlay-opacity":"","overlay-gradient":""}},"footnotes":""},"class_list":["post-1265","page","type-page","status-publish","hentry"],"aioseo_notices":[],"_links":{"self":[{"href":"https:\/\/uckaludovicilolo.com\/index.php?rest_route=\/wp\/v2\/pages\/1265","targetHints":{"allow":["GET"]}}],"collection":[{"href":"https:\/\/uckaludovicilolo.com\/index.php?rest_route=\/wp\/v2\/pages"}],"about":[{"href":"https:\/\/uckaludovicilolo.com\/index.php?rest_route=\/wp\/v2\/types\/page"}],"author":[{"embeddable":true,"href":"https:\/\/uckaludovicilolo.com\/index.php?rest_route=\/wp\/v2\/users\/1"}],"replies":[{"embeddable":true,"href":"https:\/\/uckaludovicilolo.com\/index.php?rest_route=%2Fwp%2Fv2%2Fcomments&post=1265"}],"version-history":[{"count":19,"href":"https:\/\/uckaludovicilolo.com\/index.php?rest_route=\/wp\/v2\/pages\/1265\/revisions"}],"predecessor-version":[{"id":1773,"href":"https:\/\/uckaludovicilolo.com\/index.php?rest_route=\/wp\/v2\/pages\/1265\/revisions\/1773"}],"wp:attachment":[{"href":"https:\/\/uckaludovicilolo.com\/index.php?rest_route=%2Fwp%2Fv2%2Fmedia&parent=1265"}],"curies":[{"name":"wp","href":"https:\/\/api.w.org\/{rel}","templated":true}]}}