{"id":1066,"date":"2022-01-19T01:43:04","date_gmt":"2022-01-19T01:43:04","guid":{"rendered":"http:\/\/uckaludovicilolo.com\/?page_id=1066"},"modified":"2025-05-16T09:35:48","modified_gmt":"2025-05-16T09:35:48","slug":"home","status":"publish","type":"page","link":"https:\/\/uckaludovicilolo.com\/","title":{"rendered":"Home"},"content":{"rendered":"\n<div class=\"wp-block-cover alignfull has-parallax\" style=\"min-height:750px;aspect-ratio:unset;\"><div class=\"wp-block-cover__image-background wp-image-1485 has-parallax\" style=\"background-position:50% 50%;background-image:url(http:\/\/uckaludovicilolo.com\/wp-content\/uploads\/2022\/05\/13418597_1162752693766164_6249251521948390571_o.jpg)\"><\/div><span aria-hidden=\"true\" class=\"wp-block-cover__background has-background-dim-80 has-background-dim\" style=\"background-color:#171717\"><\/span><div class=\"wp-block-cover__inner-container is-layout-flow wp-block-cover-is-layout-flow\">\n<div class=\"wp-block-columns alignwide are-vertically-aligned-center is-layout-flex wp-container-core-columns-is-layout-28f84493 wp-block-columns-is-layout-flex\">\n<div class=\"wp-block-column is-vertically-aligned-center is-layout-flow wp-block-column-is-layout-flow\" style=\"flex-basis:50%\">\n<h1 class=\"wp-block-heading has-text-color\" id=\"je-suis-designer-de-mouvements\" style=\"color:#ffffff\">Je suis Designer de Mouvements<\/h1>\n\n\n\n<div class=\"wp-block-columns has-ast-global-color-6-color has-text-color is-layout-flex wp-container-core-columns-is-layout-28f84493 wp-block-columns-is-layout-flex\">\n<div class=\"wp-block-column is-layout-flow wp-block-column-is-layout-flow\" style=\"flex-basis:100%\">\n<h5 class=\"wp-block-heading has-ast-global-color-4-color has-text-color\" id=\"les-mouvements-qui-nous-traversent-et-les-gestes-que-nous-posons-ecrivent-les-histoires-que-nous-vivons\"><strong><em>&#8220;Les mouvements qui nous traversent et les gestes que nous posons, \u00e9crivent les histoires que nous vivons.&#8221;<\/em><\/strong><\/h5>\n<\/div>\n<\/div>\n\n\n\n<div class=\"wp-block-buttons is-layout-flex wp-block-buttons-is-layout-flex\">\n<div class=\"wp-block-button is-style-outline is-style-outline--1\"><a class=\"wp-block-button__link has-ast-global-color-4-color has-text-color wp-element-button\" href=\"http:\/\/uckaludovicilolo.com\/?page_id=1276\" style=\"border-radius:50px\">GEstelligence<\/a><\/div>\n<\/div>\n<\/div>\n\n\n\n<div class=\"wp-block-column is-layout-flow wp-block-column-is-layout-flow\" style=\"flex-basis:50%\"><\/div>\n<\/div>\n<\/div><\/div>\n\n\n\n<p><\/p>\n\n\n\n<div class=\"wp-block-group alignfull has-background is-layout-flow wp-block-group-is-layout-flow\" style=\"background-color:#f7f7f7\">\n<h2 class=\"wp-block-heading has-text-align-center\" id=\"check-out-my-work\">Ce que je fais<\/h2>\n\n\n\n<p class=\"has-text-align-center\"> <\/p>\n\n\n\n<div class=\"wp-block-columns alignwide are-vertically-aligned-center is-layout-flex wp-container-core-columns-is-layout-28f84493 wp-block-columns-is-layout-flex\">\n<div class=\"wp-block-column is-vertically-aligned-center is-layout-flow wp-block-column-is-layout-flow\">\n<figure class=\"wp-block-image is-resized\"><a href=\"http:\/\/uckaludovicilolo.com\/?page_id=1317(opens in a new tab)\"><img fetchpriority=\"high\" decoding=\"async\" width=\"852\" height=\"853\" src=\"http:\/\/uckaludovicilolo.com\/wp-content\/uploads\/2022\/04\/B6742C7F-1818-46D1-AD17-1DCCE6BEB5C2-edited-1.jpeg\" alt=\"\" class=\"wp-image-1445\" style=\"width:373px;height:373px\" srcset=\"https:\/\/uckaludovicilolo.com\/wp-content\/uploads\/2022\/04\/B6742C7F-1818-46D1-AD17-1DCCE6BEB5C2-edited-1.jpeg 852w, https:\/\/uckaludovicilolo.com\/wp-content\/uploads\/2022\/04\/B6742C7F-1818-46D1-AD17-1DCCE6BEB5C2-edited-1-300x300.jpeg 300w, https:\/\/uckaludovicilolo.com\/wp-content\/uploads\/2022\/04\/B6742C7F-1818-46D1-AD17-1DCCE6BEB5C2-edited-1-150x150.jpeg 150w, https:\/\/uckaludovicilolo.com\/wp-content\/uploads\/2022\/04\/B6742C7F-1818-46D1-AD17-1DCCE6BEB5C2-edited-1-768x769.jpeg 768w\" sizes=\"(max-width: 852px) 100vw, 852px\" \/><\/a><\/figure>\n\n\n\n<h3 class=\"wp-block-heading\" id=\"l-artiste\"><a href=\"http:\/\/uckaludovicilolo.com\/?page_id=1317(opens in a new tab)\">l&#8217;Artiste<\/a><\/h3>\n\n\n\n<p>Ce que Je cr\u00e9e.<\/p>\n<\/div>\n\n\n\n<div class=\"wp-block-column is-vertically-aligned-center is-layout-flow wp-block-column-is-layout-flow\">\n<figure class=\"wp-block-image size-full is-resized\"><a href=\"http:\/\/uckaludovicilolo.com\/?page_id=1332\"><img decoding=\"async\" width=\"924\" height=\"924\" src=\"http:\/\/uckaludovicilolo.com\/wp-content\/uploads\/2022\/05\/IMG_7429.jpg\" alt=\"\" class=\"wp-image-1512\" style=\"width:373px;height:373px\" srcset=\"https:\/\/uckaludovicilolo.com\/wp-content\/uploads\/2022\/05\/IMG_7429.jpg 924w, https:\/\/uckaludovicilolo.com\/wp-content\/uploads\/2022\/05\/IMG_7429-300x300.jpg 300w, https:\/\/uckaludovicilolo.com\/wp-content\/uploads\/2022\/05\/IMG_7429-150x150.jpg 150w, https:\/\/uckaludovicilolo.com\/wp-content\/uploads\/2022\/05\/IMG_7429-768x768.jpg 768w\" sizes=\"(max-width: 924px) 100vw, 924px\" \/><\/a><\/figure>\n\n\n\n<h3 class=\"wp-block-heading\" id=\"le-pedagogue\"><a href=\"http:\/\/uckaludovicilolo.com\/?page_id=1332\" title=\"le P\u00e9dagogue\">le P\u00e9dagogue<\/a><\/h3>\n\n\n\n<p>Ce que j&#8217;enseigne.<\/p>\n<\/div>\n\n\n\n<div class=\"wp-block-column is-vertically-aligned-center is-layout-flow wp-block-column-is-layout-flow\">\n<figure class=\"wp-block-image size-full\"><img decoding=\"async\" width=\"750\" height=\"750\" src=\"http:\/\/uckaludovicilolo.com\/wp-content\/uploads\/2022\/05\/IMG_7427.jpg\" alt=\"\" class=\"wp-image-1508\" srcset=\"https:\/\/uckaludovicilolo.com\/wp-content\/uploads\/2022\/05\/IMG_7427.jpg 750w, https:\/\/uckaludovicilolo.com\/wp-content\/uploads\/2022\/05\/IMG_7427-300x300.jpg 300w, https:\/\/uckaludovicilolo.com\/wp-content\/uploads\/2022\/05\/IMG_7427-150x150.jpg 150w\" sizes=\"(max-width: 750px) 100vw, 750px\" \/><\/figure>\n\n\n\n<h3 class=\"wp-block-heading\" id=\"l-entrepreneur\"><a href=\"http:\/\/uckaludovicilolo.com\/?page_id=1335\" title=\"l'Entrepreneur\">l&#8217;Entrepreneur<\/a><\/h3>\n\n\n\n<p>Ce que j&#8217;accompagne.<\/p>\n<\/div>\n<\/div>\n\n\n\n<p><\/p>\n<\/div>\n\n\n\n<div class=\"wp-block-group alignfull has-ast-global-color-5-background-color has-background is-layout-flow wp-block-group-is-layout-flow\">\n<div class=\"wp-block-media-text alignwide is-stacked-on-mobile is-vertically-aligned-center\" style=\"grid-template-columns:51% auto\"><figure class=\"wp-block-media-text__media\"><img loading=\"lazy\" decoding=\"async\" width=\"1024\" height=\"819\" src=\"http:\/\/uckaludovicilolo.com\/wp-content\/uploads\/2022\/01\/IMG_3883-1024x819.jpg\" alt=\"\" class=\"wp-image-1205 size-full\" srcset=\"https:\/\/uckaludovicilolo.com\/wp-content\/uploads\/2022\/01\/IMG_3883-1024x819.jpg 1024w, https:\/\/uckaludovicilolo.com\/wp-content\/uploads\/2022\/01\/IMG_3883-300x240.jpg 300w, https:\/\/uckaludovicilolo.com\/wp-content\/uploads\/2022\/01\/IMG_3883-768x614.jpg 768w, https:\/\/uckaludovicilolo.com\/wp-content\/uploads\/2022\/01\/IMG_3883-1536x1229.jpg 1536w, https:\/\/uckaludovicilolo.com\/wp-content\/uploads\/2022\/01\/IMG_3883-2048x1638.jpg 2048w\" sizes=\"(max-width: 1024px) 100vw, 1024px\" \/><\/figure><div class=\"wp-block-media-text__content\">\n<div class=\"wp-block-group is-layout-flow wp-block-group-is-layout-flow\">\n<h2 class=\"wp-block-heading\" id=\"about-ucka\">Ucka Ludovic ILOLO<\/h2>\n\n\n\n<p><strong>Je suis un DESIGNER DE MOUVEMENT . <\/strong><\/p>\n\n\n\n<p><strong>J\u2019ai la conviction que pour r\u00e9ussir quoi que ce soit,&nbsp;l\u2019humain doit savoir principalement faire 2 choses : Lire les mouvements du monde qui l&#8217;entourent pour s\u2019y inscrire et produire les bons gestes pour faire advenir ce qu&#8217;il souhaite voir exister. Mon job consiste \u00e0 faire cela moi m\u00eame ou \u00e0 aider et &#8220;empuissancer&#8221; d\u2019autres pour le faire .<\/strong><br><br><\/p>\n\n\n\n<div class=\"wp-block-buttons is-layout-flex wp-block-buttons-is-layout-flex\">\n<div class=\"wp-block-button is-style-outline is-style-outline--2\"><a class=\"wp-block-button__link wp-element-button\" href=\"http:\/\/uckaludovicilolo.com\/?page_id=1265\">Mon Histoire &#8230;<\/a><\/div>\n<\/div>\n<\/div>\n<\/div><\/div>\n<\/div>\n\n\n\n<div class=\"wp-block-group alignfull has-ast-global-color-5-background-color has-background is-layout-flow wp-block-group-is-layout-flow\">\n<figure class=\"wp-block-gallery aligncenter has-nested-images columns-5 wp-block-gallery-3 is-layout-flex wp-block-gallery-is-layout-flex\">\n<figure class=\"wp-block-image size-full\"><img decoding=\"async\" data-id=\"1557\" src=\"http:\/\/uckaludovicilolo.com\/wp-content\/uploads\/2022\/05\/Bandeau-Logo-Ucka-Ludovic-ILOLO-rouge-2.svg\" alt=\"\" class=\"wp-image-1557\"\/><\/figure>\n<\/figure>\n<\/div>\n\n\n\n<div class=\"wp-block-cover alignfull has-parallax\" style=\"min-height:860px;aspect-ratio:unset;\"><div class=\"wp-block-cover__image-background wp-image-1200 has-parallax\" style=\"background-position:0% 100%;background-image:url(http:\/\/uckaludovicilolo.com\/wp-content\/uploads\/2022\/01\/IMG_7119.jpg)\"><\/div><span aria-hidden=\"true\" class=\"wp-block-cover__background has-ast-global-color-1-background-color has-background-dim-70 has-background-dim\"><\/span><div class=\"wp-block-cover__inner-container is-layout-flow wp-block-cover-is-layout-flow\">\n<hr class=\"wp-block-separator has-text-color has-white-color has-css-opacity has-white-background-color has-background aligncenter\"\/>\n\n\n\n<div class=\"wp-block-group is-layout-flow wp-block-group-is-layout-flow\"><\/div>\n\n\n\n<h1 class=\"wp-block-heading alignwide has-text-align-right has-white-color has-text-color\" id=\"les-mouvements-qui-nous-traversent-et-les-gestes-que-nous-posons-ecrivent-les-histoires-que-nous-vivons\">&#8220;<em>Storyteller et Storymaker,<\/em><\/h1>\n\n\n\n<h1 class=\"wp-block-heading alignwide has-text-align-right has-white-color has-text-color\" id=\"les-mouvements-qui-nous-traversent-et-les-gestes-que-nous-posons-ecrivent-les-histoires-que-nous-vivons\"><em>ma mission est double.<\/em><\/h1>\n\n\n\n<h1 class=\"wp-block-heading alignwide has-text-align-right has-white-color has-text-color\" id=\"les-mouvements-qui-nous-traversent-et-les-gestes-que-nous-posons-ecrivent-les-histoires-que-nous-vivons\"><em> Parfois, Je raconte ou aide les autres \u00e0 raconter leur histoire, parfois,<\/em> je fais se r\u00e9aliser concr\u00e8tement, une histoire dans la vie des gens et le monde r\u00e9el.&#8221;<\/h1>\n\n\n\n<div class=\"wp-block-group is-layout-flow wp-block-group-is-layout-flow\"><\/div>\n\n\n\n<div class=\"wp-block-group is-layout-flow wp-block-group-is-layout-flow\"><\/div>\n<\/div><\/div>\n\n\n\n<div class=\"wp-block-group alignfull has-ast-global-color-5-background-color has-background is-layout-flow wp-block-group-is-layout-flow\">\n<div class=\"wp-block-columns alignwide is-layout-flex wp-container-core-columns-is-layout-28f84493 wp-block-columns-is-layout-flex\">\n<div class=\"wp-block-column is-layout-flow wp-block-column-is-layout-flow\">\n<h2 class=\"wp-block-heading\" id=\"tim-s-blog\"><em>Articles<\/em><\/h2>\n<\/div>\n\n\n\n<div class=\"wp-block-column is-layout-flow wp-block-column-is-layout-flow\">\n<div class=\"wp-block-buttons is-horizontal is-content-justification-right is-layout-flex wp-container-core-buttons-is-layout-30af2ff6 wp-block-buttons-is-layout-flex\">\n<div class=\"wp-block-button\"><a class=\"wp-block-button__link wp-element-button\" href=\"http:\/\/uckaludovicilolo.com\/?page_id=1074\">View All Posts<\/a><\/div>\n<\/div>\n<\/div>\n<\/div>\n\n\n\n<div class=\"wp-block-columns is-layout-flex wp-container-core-columns-is-layout-28f84493 wp-block-columns-is-layout-flex\">\n<div class=\"wp-block-column is-layout-flow wp-block-column-is-layout-flow\"><ul class=\"wp-block-latest-posts__list is-grid columns-3 has-dates has-author wp-block-latest-posts\"><li><a class=\"wp-block-latest-posts__post-title\" href=\"https:\/\/uckaludovicilolo.com\/?p=1697\">Le blog du Designer de mouvement.<\/a><div class=\"wp-block-latest-posts__post-author\">by Ucka Ludovic ILOLO<\/div><time datetime=\"2023-01-01T03:38:41+00:00\" class=\"wp-block-latest-posts__post-date\">January 1, 2023<\/time><div class=\"wp-block-latest-posts__post-excerpt\">Au final, je suis quelqu&#8217;un qui cherche simplement \u00e0 faire exister des trucs et qui passe sa vie a chercher des moyens pour le faire . Si l&#8217;on ajoute \u00e0 \u00e7a, ma curiosit\u00e9 de geek et de chercheur, voici les ingr\u00e9dients qui m&#8217;ont men\u00e9 \u00e0 avoir un parcours de vie singulier et riche, mais surtout,\u2026 <a class=\"wp-block-latest-posts__read-more\" href=\"https:\/\/uckaludovicilolo.com\/?p=1697\" rel=\"noopener noreferrer\">Read more<span class=\"screen-reader-text\">: Le blog du Designer de mouvement.<\/span><\/a><\/div><\/li>\n<\/ul><\/div>\n\n\n\n<div class=\"wp-block-column is-layout-flow wp-block-column-is-layout-flow\">\n<figure class=\"wp-block-image size-full\"><img loading=\"lazy\" decoding=\"async\" width=\"640\" height=\"640\" src=\"http:\/\/uckaludovicilolo.com\/wp-content\/uploads\/2022\/05\/10291070_10152812342004655_2038671912663439710_n_fhdp5w.jpg\" alt=\"\" class=\"wp-image-1483\" srcset=\"https:\/\/uckaludovicilolo.com\/wp-content\/uploads\/2022\/05\/10291070_10152812342004655_2038671912663439710_n_fhdp5w.jpg 640w, https:\/\/uckaludovicilolo.com\/wp-content\/uploads\/2022\/05\/10291070_10152812342004655_2038671912663439710_n_fhdp5w-300x300.jpg 300w, https:\/\/uckaludovicilolo.com\/wp-content\/uploads\/2022\/05\/10291070_10152812342004655_2038671912663439710_n_fhdp5w-150x150.jpg 150w\" sizes=\"(max-width: 640px) 100vw, 640px\" \/><\/figure>\n<\/div>\n<\/div>\n<\/div>\n\n\n\n<div class=\"wp-block-group alignfull has-ast-global-color-5-background-color has-background is-layout-flow wp-block-group-is-layout-flow\"><\/div>\n\n\n\n<div class=\"wp-block-group has-ast-global-color-4-background-color has-background is-layout-flow wp-block-group-is-layout-flow\"><\/div>\n\n\n\n<div class=\"wp-block-group alignfull has-ast-global-color-5-background-color has-background is-layout-flow wp-block-group-is-layout-flow\">\n<hr class=\"wp-block-separator has-text-color has-ast-global-color-0-color has-css-opacity has-ast-global-color-0-background-color has-background aligncenter\"\/>\n<\/div>\n\n\n\n<p><\/p>\n","protected":false},"excerpt":{"rendered":"<p>Ce que je fais l&#8217;Artiste Ce que Je cr\u00e9e. le P\u00e9dagogue Ce que j&#8217;enseigne. l&#8217;Entrepreneur Ce que j&#8217;accompagne. Ucka Ludovic ILOLO Je suis un DESIGNER DE MOUVEMENT . J\u2019ai la conviction que pour r\u00e9ussir quoi que ce soit,&nbsp;l\u2019humain doit savoir principalement faire 2 choses : Lire les mouvements du monde qui l&#8217;entourent pour s\u2019y inscrire [&hellip;]<\/p>\n","protected":false},"author":1,"featured_media":1678,"parent":0,"menu_order":0,"comment_status":"closed","ping_status":"closed","template":"","meta":{"om_disable_all_campaigns":false,"_monsterinsights_skip_tracking":false,"_monsterinsights_sitenote_active":false,"_monsterinsights_sitenote_note":"","_monsterinsights_sitenote_category":0,"site-sidebar-layout":"no-sidebar","site-content-layout":"plain-container","ast-site-content-layout":"default","site-content-style":"default","site-sidebar-style":"default","ast-global-header-display":"","ast-banner-title-visibility":"","ast-main-header-display":"","ast-hfb-above-header-display":"","ast-hfb-below-header-display":"","ast-hfb-mobile-header-display":"","site-post-title":"disabled","ast-breadcrumbs-content":"disabled","ast-featured-img":"disabled","footer-sml-layout":"","theme-transparent-header-meta":"enabled","adv-header-id-meta":"","stick-header-meta":"","header-above-stick-meta":"","header-main-stick-meta":"","header-below-stick-meta":"","astra-migrate-meta-layouts":"default","ast-page-background-enabled":"default","ast-page-background-meta":{"desktop":{"background-color":"var(--ast-global-color-4)","background-image":"","background-repeat":"repeat","background-position":"center center","background-size":"auto","background-attachment":"scroll","background-type":"","background-media":"","overlay-type":"","overlay-color":"","overlay-opacity":"","overlay-gradient":""},"tablet":{"background-color":"","background-image":"","background-repeat":"repeat","background-position":"center center","background-size":"auto","background-attachment":"scroll","background-type":"","background-media":"","overlay-type":"","overlay-color":"","overlay-opacity":"","overlay-gradient":""},"mobile":{"background-color":"","background-image":"","background-repeat":"repeat","background-position":"center center","background-size":"auto","background-attachment":"scroll","background-type":"","background-media":"","overlay-type":"","overlay-color":"","overlay-opacity":"","overlay-gradient":""}},"ast-content-background-meta":{"desktop":{"background-color":"var(--ast-global-color-5)","background-image":"","background-repeat":"repeat","background-position":"center center","background-size":"auto","background-attachment":"scroll","background-type":"","background-media":"","overlay-type":"","overlay-color":"","overlay-opacity":"","overlay-gradient":""},"tablet":{"background-color":"var(--ast-global-color-5)","background-image":"","background-repeat":"repeat","background-position":"center center","background-size":"auto","background-attachment":"scroll","background-type":"","background-media":"","overlay-type":"","overlay-color":"","overlay-opacity":"","overlay-gradient":""},"mobile":{"background-color":"var(--ast-global-color-5)","background-image":"","background-repeat":"repeat","background-position":"center center","background-size":"auto","background-attachment":"scroll","background-type":"","background-media":"","overlay-type":"","overlay-color":"","overlay-opacity":"","overlay-gradient":""}},"footnotes":""},"class_list":["post-1066","page","type-page","status-publish","has-post-thumbnail","hentry"],"aioseo_notices":[],"_links":{"self":[{"href":"https:\/\/uckaludovicilolo.com\/index.php?rest_route=\/wp\/v2\/pages\/1066","targetHints":{"allow":["GET"]}}],"collection":[{"href":"https:\/\/uckaludovicilolo.com\/index.php?rest_route=\/wp\/v2\/pages"}],"about":[{"href":"https:\/\/uckaludovicilolo.com\/index.php?rest_route=\/wp\/v2\/types\/page"}],"author":[{"embeddable":true,"href":"https:\/\/uckaludovicilolo.com\/index.php?rest_route=\/wp\/v2\/users\/1"}],"replies":[{"embeddable":true,"href":"https:\/\/uckaludovicilolo.com\/index.php?rest_route=%2Fwp%2Fv2%2Fcomments&post=1066"}],"version-history":[{"count":80,"href":"https:\/\/uckaludovicilolo.com\/index.php?rest_route=\/wp\/v2\/pages\/1066\/revisions"}],"predecessor-version":[{"id":1785,"href":"https:\/\/uckaludovicilolo.com\/index.php?rest_route=\/wp\/v2\/pages\/1066\/revisions\/1785"}],"wp:featuredmedia":[{"embeddable":true,"href":"https:\/\/uckaludovicilolo.com\/index.php?rest_route=\/wp\/v2\/media\/1678"}],"wp:attachment":[{"href":"https:\/\/uckaludovicilolo.com\/index.php?rest_route=%2Fwp%2Fv2%2Fmedia&parent=1066"}],"curies":[{"name":"wp","href":"https:\/\/api.w.org\/{rel}","templated":true}]}}